{"id":1324,"date":"2021-09-20T12:44:28","date_gmt":"2021-09-20T12:44:28","guid":{"rendered":"https:\/\/eastgatemall.mk\/services\/access-and-parking\/"},"modified":"2022-03-29T14:10:44","modified_gmt":"2022-03-29T12:10:44","slug":"access-and-parking","status":"publish","type":"page","link":"http:\/\/eastgatemall.mk\/sq\/services\/access-and-parking\/","title":{"rendered":"QASJE DHE PARKING"},"content":{"rendered":"","protected":false},"excerpt":{"rendered":"<p>Vend parkim t\u00eb sigurt me 4 hyrje dhe 2000 vende parkimi. Ekziston nj\u00eb aplikacion celular p\u00ebr orientimin e parkimit.<\/p>\n","protected":false},"author":1,"featured_media":0,"parent":1320,"menu_order":84,"comment_status":"closed","ping_status":"closed","template":"templates\/service_blocks.php","meta":{"footnotes":""},"class_list":["post-1324","page","type-page","status-publish","hentry"],"yoast_head":"<!-- This site is optimized with the Yoast SEO plugin v19.10 - https:\/\/yoast.com\/wordpress\/plugins\/seo\/ -->\n<title>QASJE DHE PARKING - East Gate Mall<\/title>\n<meta name=\"robots\" content=\"index, follow, max-snippet:-1, max-image-preview:large, max-video-preview:-1\" \/>\n<link rel=\"canonical\" href=\"https:\/\/eastgatemall.mk\/sq\/services\/access-and-parking\/\" \/>\n<meta property=\"og:locale\" content=\"en_US\" \/>\n<meta property=\"og:type\" content=\"article\" \/>\n<meta property=\"og:title\" content=\"QASJE DHE PARKING - East Gate Mall\" \/>\n<meta property=\"og:description\" content=\"Vend parkim t\u00eb sigurt me 4 hyrje dhe 2000 vende parkimi. Ekziston nj\u00eb aplikacion celular p\u00ebr orientimin e parkimit.\" \/>\n<meta property=\"og:url\" content=\"https:\/\/eastgatemall.mk\/sq\/services\/access-and-parking\/\" \/>\n<meta property=\"og:site_name\" content=\"East Gate Mall\" \/>\n<meta property=\"article:modified_time\" content=\"2022-03-29T12:10:44+00:00\" \/>\n<meta property=\"og:image\" content=\"http:\/\/eastgatemall.mk\/wp-content\/uploads\/2021\/10\/eastgate_thumbnail.png\" \/>\n\t<meta property=\"og:image:width\" content=\"1200\" \/>\n\t<meta property=\"og:image:height\" content=\"628\" \/>\n\t<meta property=\"og:image:type\" content=\"image\/png\" \/>\n<meta name=\"twitter:card\" content=\"summary_large_image\" \/>\n<script type=\"application\/ld+json\" class=\"yoast-schema-graph\">{\"@context\":\"https:\/\/schema.org\",\"@graph\":[{\"@type\":\"WebPage\",\"@id\":\"https:\/\/eastgatemall.mk\/sq\/services\/access-and-parking\/\",\"url\":\"https:\/\/eastgatemall.mk\/sq\/services\/access-and-parking\/\",\"name\":\"QASJE DHE PARKING - East Gate Mall\",\"isPartOf\":{\"@id\":\"https:\/\/eastgatemall.mk\/#website\"},\"datePublished\":\"2021-09-20T12:44:28+00:00\",\"dateModified\":\"2022-03-29T12:10:44+00:00\",\"breadcrumb\":{\"@id\":\"https:\/\/eastgatemall.mk\/sq\/services\/access-and-parking\/#breadcrumb\"},\"inLanguage\":\"sq-mk\",\"potentialAction\":[{\"@type\":\"ReadAction\",\"target\":[\"https:\/\/eastgatemall.mk\/sq\/services\/access-and-parking\/\"]}]},{\"@type\":\"BreadcrumbList\",\"@id\":\"https:\/\/eastgatemall.mk\/sq\/services\/access-and-parking\/#breadcrumb\",\"itemListElement\":[{\"@type\":\"ListItem\",\"position\":1,\"name\":\"Sh\u00ebrbime\",\"item\":\"https:\/\/eastgatemall.mk\/sq\/services\/\"},{\"@type\":\"ListItem\",\"position\":2,\"name\":\"QASJE DHE PARKING\"}]},{\"@type\":\"WebSite\",\"@id\":\"https:\/\/eastgatemall.mk\/#website\",\"url\":\"https:\/\/eastgatemall.mk\/\",\"name\":\"East Gate Mall\",\"description\":\"\u0422\u0418 \u0421\u0418 \u0426\u0415\u041d\u0422\u0410\u0420!\",\"potentialAction\":[{\"@type\":\"SearchAction\",\"target\":{\"@type\":\"EntryPoint\",\"urlTemplate\":\"https:\/\/eastgatemall.mk\/?s={search_term_string}\"},\"query-input\":\"required name=search_term_string\"}],\"inLanguage\":\"sq-mk\"}]}<\/script>\n<!-- \/ Yoast SEO plugin. -->","yoast_head_json":{"title":"QASJE DHE PARKING - East Gate Mall","robots":{"index":"index","follow":"follow","max-snippet":"max-snippet:-1","max-image-preview":"max-image-preview:large","max-video-preview":"max-video-preview:-1"},"canonical":"https:\/\/eastgatemall.mk\/sq\/services\/access-and-parking\/","og_locale":"en_US","og_type":"article","og_title":"QASJE DHE PARKING - East Gate Mall","og_description":"Vend parkim t\u00eb sigurt me 4 hyrje dhe 2000 vende parkimi. Ekziston nj\u00eb aplikacion celular p\u00ebr orientimin e parkimit.","og_url":"https:\/\/eastgatemall.mk\/sq\/services\/access-and-parking\/","og_site_name":"East Gate Mall","article_modified_time":"2022-03-29T12:10:44+00:00","og_image":[{"width":1200,"height":628,"url":"http:\/\/eastgatemall.mk\/wp-content\/uploads\/2021\/10\/eastgate_thumbnail.png","type":"image\/png"}],"twitter_card":"summary_large_image","schema":{"@context":"https:\/\/schema.org","@graph":[{"@type":"WebPage","@id":"https:\/\/eastgatemall.mk\/sq\/services\/access-and-parking\/","url":"https:\/\/eastgatemall.mk\/sq\/services\/access-and-parking\/","name":"QASJE DHE PARKING - East Gate Mall","isPartOf":{"@id":"https:\/\/eastgatemall.mk\/#website"},"datePublished":"2021-09-20T12:44:28+00:00","dateModified":"2022-03-29T12:10:44+00:00","breadcrumb":{"@id":"https:\/\/eastgatemall.mk\/sq\/services\/access-and-parking\/#breadcrumb"},"inLanguage":"sq-mk","potentialAction":[{"@type":"ReadAction","target":["https:\/\/eastgatemall.mk\/sq\/services\/access-and-parking\/"]}]},{"@type":"BreadcrumbList","@id":"https:\/\/eastgatemall.mk\/sq\/services\/access-and-parking\/#breadcrumb","itemListElement":[{"@type":"ListItem","position":1,"name":"Sh\u00ebrbime","item":"https:\/\/eastgatemall.mk\/sq\/services\/"},{"@type":"ListItem","position":2,"name":"QASJE DHE PARKING"}]},{"@type":"WebSite","@id":"https:\/\/eastgatemall.mk\/#website","url":"https:\/\/eastgatemall.mk\/","name":"East Gate Mall","description":"\u0422\u0418 \u0421\u0418 \u0426\u0415\u041d\u0422\u0410\u0420!","potentialAction":[{"@type":"SearchAction","target":{"@type":"EntryPoint","urlTemplate":"https:\/\/eastgatemall.mk\/?s={search_term_string}"},"query-input":"required name=search_term_string"}],"inLanguage":"sq-mk"}]}},"publishpress_future_action":{"enabled":false,"date":"2026-04-23 13:27:45","action":"change-status","newStatus":"draft","terms":[],"taxonomy":"translation_priority","extraData":[]},"publishpress_future_workflow_manual_trigger":{"enabledWorkflows":[]},"_links":{"self":[{"href":"http:\/\/eastgatemall.mk\/sq\/wp-json\/wp\/v2\/pages\/1324","targetHints":{"allow":["GET"]}}],"collection":[{"href":"http:\/\/eastgatemall.mk\/sq\/wp-json\/wp\/v2\/pages"}],"about":[{"href":"http:\/\/eastgatemall.mk\/sq\/wp-json\/wp\/v2\/types\/page"}],"author":[{"embeddable":true,"href":"http:\/\/eastgatemall.mk\/sq\/wp-json\/wp\/v2\/users\/1"}],"replies":[{"embeddable":true,"href":"http:\/\/eastgatemall.mk\/sq\/wp-json\/wp\/v2\/comments?post=1324"}],"version-history":[{"count":5,"href":"http:\/\/eastgatemall.mk\/sq\/wp-json\/wp\/v2\/pages\/1324\/revisions"}],"predecessor-version":[{"id":7064,"href":"http:\/\/eastgatemall.mk\/sq\/wp-json\/wp\/v2\/pages\/1324\/revisions\/7064"}],"up":[{"embeddable":true,"href":"http:\/\/eastgatemall.mk\/sq\/wp-json\/wp\/v2\/pages\/1320"}],"wp:attachment":[{"href":"http:\/\/eastgatemall.mk\/sq\/wp-json\/wp\/v2\/media?parent=1324"}],"curies":[{"name":"wp","href":"https:\/\/api.w.org\/{rel}","templated":true}]}}